{"id":131,"date":"2016-03-12T12:22:06","date_gmt":"2016-03-12T11:22:06","guid":{"rendered":"http:\/\/haw-informatik.de\/klausurensammlung\/?page_id=131"},"modified":"2019-03-14T13:31:30","modified_gmt":"2019-03-14T12:31:30","slug":"impressum","status":"publish","type":"page","link":"https:\/\/haw-informatik.de\/klausurensammlung\/impressum\/","title":{"rendered":"Impressum"},"content":{"rendered":"<h2>Angaben gem\u00e4\u00df \u00a75 TMG<\/h2>\n<p><strong>Eike-Christian Ramcke<\/strong><\/p>\n<p>Zur Vermeidung von Spam werden hier keine weiteren Angaben gem\u00e4\u00df \u00a75 TMG angegeben. Bitte erfragen Sie diese \u00fcber das <a href=\"https:\/\/haw-informatik.de\/klausurensammlung\/kontakt\/\">Kontakt Formular<\/a>.<\/p>\n<h2>Haftung f\u00fcr Inhalte<\/h2>\n<p>Als Diensteanbieter sind wir gem\u00e4\u00df \u00a77 Abs.1 TMG f\u00fcr eigene Inhalte auf diesen Seiten nach den allgemeinen Gesetzen verantwortlich. Nach \u00a7\u00a7 8 bis 10 TMG sind wir als Diensteanbieter jedoch nicht verpflichtet, \u00fcbermittelte oder gespeicherte fremde Informationen zu \u00fcberwachen oder nach Umst\u00e4nden zu forschen, die auf eine rechtswidrige T\u00e4tigkeit hinweisen.<\/p>\n<p>Verpflichtungen zur Entfernung oder Sperrung der Nutzung von Informationen nach den allgemeinen Gesetzen bleiben hiervon unber\u00fchrt. Eine diesbez\u00fcgliche Haftung ist jedoch erst ab dem Zeitpunkt der Kenntnis einer konkreten Rechtsverletzung m\u00f6glich. Bei bekanntwerden von entsprechenden Rechtsverletzungen werden wir diese Inhalte umgehend entfernen.<\/p>\n<h2>Haftung f\u00fcr Links<\/h2>\n<p>Unser Angebot enth\u00e4lt Links zu externen Websites Dritter, auf deren Inhalte wir keinen Einfluss haben. Deshalb k\u00f6nnen wir f\u00fcr diese fremden Inhalte auch keine Gew\u00e4hr \u00fcbernehmen. F\u00fcr die Inhalte der verlinkten Seiten ist stets der jeweilige Anbieter oder Betreiber der Seiten verantwortlich. Die verlinkten Seiten wurden zum Zeitpunkt der Verlinkung auf m\u00f6gliche Rechtsverst\u00f6\u00dfe \u00fcberpr\u00fcft. Rechtswidrige Inhalte waren zum Zeitpunkt der Verlinkung nicht erkennbar.<\/p>\n<p>Eine permanente inhaltliche Kontrolle der verlinkten Seiten ist jedoch ohne konkrete Anhaltspunkte einer Rechtsverletzung nicht zumutbar. Bei Bekanntwerden von Rechtsverletzungen werden wir derartige Links umgehend entfernen.<\/p>\n<h2>Urheberrecht<\/h2>\n<p>Die durch die Seitenbetreiber erstellten Inhalte und Werke auf diesen Seiten unterliegen dem deutschen Urheberrecht. Die Vervielf\u00e4ltigung, Bearbeitung, Verbreitung und jede Art der Verwertung au\u00dferhalb der Grenzen des Urheberrechtes bed\u00fcrfen der schriftlichen Zustimmung des jeweiligen Autors bzw. Erstellers. Downloads und Kopien dieser Seite sind nur f\u00fcr den privaten, nicht kommerziellen Gebrauch gestattet.<\/p>\n<p>Soweit die Inhalte auf dieser Seite nicht vom Betreiber erstellt wurden, werden die Urheberrechte Dritter beachtet. Insbesondere werden Inhalte Dritter als solche gekennzeichnet. Sollten Sie trotzdem auf eine Urheberrechtsverletzung aufmerksam werden, bitten wir um einen entsprechenden Hinweis. Bei Bekanntwerden von Rechtsverletzungen werden wir derartige Inhalte umgehend entfernen.<\/p>\n<h2>Bildnachweis<\/h2>\n<p>Bild auf der Hauptseite ist von <a href=\"https:\/\/pixabay.com\/photos\/books-notepad-pen-education-690219\/\" target=\"_blank\" rel=\"noopener noreferrer\">pixabay.com<\/a>.<\/p>\n<div style=\"clear:both;\"><\/div>","protected":false},"excerpt":{"rendered":"<p>Angaben gem\u00e4\u00df \u00a75 TMG Eike-Christian Ramcke Zur Vermeidung von Spam werden hier keine weiteren Angaben gem\u00e4\u00df \u00a75 TMG angegeben. Bitte <a class=\"more-link\" href=\"https:\/\/haw-informatik.de\/klausurensammlung\/impressum\/\">Continue Reading<\/a><\/p>\n","protected":false},"author":1,"featured_media":0,"parent":0,"menu_order":0,"comment_status":"closed","ping_status":"closed","template":"","meta":{"iawp_total_views":64,"footnotes":""},"class_list":["post-131","page","type-page","status-publish","hentry","no-post-thumbnail","no-read-more-tag","no-sticky","entry"],"yoast_head":"<!-- This site is optimized with the Yoast SEO plugin v26.3 - https:\/\/yoast.com\/wordpress\/plugins\/seo\/ -->\n<title>Impressum - HAW Informatik Klausuren<\/title>\n<meta name=\"robots\" content=\"index, nofollow, max-snippet:-1, max-image-preview:large, max-video-preview:-1\" \/>\n<link rel=\"canonical\" href=\"https:\/\/haw-informatik.de\/klausurensammlung\/impressum\/\" \/>\n<meta property=\"og:locale\" content=\"de_DE\" \/>\n<meta property=\"og:type\" content=\"article\" \/>\n<meta property=\"og:title\" content=\"Impressum - HAW Informatik Klausuren\" \/>\n<meta property=\"og:description\" content=\"Angaben gem\u00e4\u00df \u00a75 TMG Eike-Christian Ramcke Zur Vermeidung von Spam werden hier keine weiteren Angaben gem\u00e4\u00df \u00a75 TMG angegeben. Bitte Continue Reading\" \/>\n<meta property=\"og:url\" content=\"https:\/\/haw-informatik.de\/klausurensammlung\/impressum\/\" \/>\n<meta property=\"og:site_name\" content=\"HAW Informatik Klausuren\" \/>\n<meta property=\"article:publisher\" content=\"https:\/\/www.facebook.com\/chris.ramcke\" \/>\n<meta property=\"article:modified_time\" content=\"2019-03-14T12:31:30+00:00\" \/>\n<meta property=\"og:image\" content=\"https:\/\/haw-informatik.de\/klausurensammlung\/wp-content\/uploads\/2016\/03\/work_1200x630.jpg\" \/>\n\t<meta property=\"og:image:width\" content=\"1200\" \/>\n\t<meta property=\"og:image:height\" content=\"630\" \/>\n\t<meta property=\"og:image:type\" content=\"image\/jpeg\" \/>\n<meta name=\"twitter:card\" content=\"summary_large_image\" \/>\n<meta name=\"twitter:label1\" content=\"Gesch\u00e4tzte Lesezeit\" \/>\n\t<meta name=\"twitter:data1\" content=\"2\u00a0Minuten\" \/>\n<script type=\"application\/ld+json\" class=\"yoast-schema-graph\">{\"@context\":\"https:\/\/schema.org\",\"@graph\":[{\"@type\":\"WebPage\",\"@id\":\"https:\/\/haw-informatik.de\/klausurensammlung\/impressum\/\",\"url\":\"https:\/\/haw-informatik.de\/klausurensammlung\/impressum\/\",\"name\":\"Impressum - HAW Informatik Klausuren\",\"isPartOf\":{\"@id\":\"https:\/\/haw-informatik.de\/klausurensammlung\/#website\"},\"datePublished\":\"2016-03-12T11:22:06+00:00\",\"dateModified\":\"2019-03-14T12:31:30+00:00\",\"breadcrumb\":{\"@id\":\"https:\/\/haw-informatik.de\/klausurensammlung\/impressum\/#breadcrumb\"},\"inLanguage\":\"de\",\"potentialAction\":[{\"@type\":\"ReadAction\",\"target\":[\"https:\/\/haw-informatik.de\/klausurensammlung\/impressum\/\"]}]},{\"@type\":\"BreadcrumbList\",\"@id\":\"https:\/\/haw-informatik.de\/klausurensammlung\/impressum\/#breadcrumb\",\"itemListElement\":[{\"@type\":\"ListItem\",\"position\":1,\"name\":\"Home\",\"item\":\"https:\/\/haw-informatik.de\/klausurensammlung\/\"},{\"@type\":\"ListItem\",\"position\":2,\"name\":\"Impressum\"}]},{\"@type\":\"WebSite\",\"@id\":\"https:\/\/haw-informatik.de\/klausurensammlung\/#website\",\"url\":\"https:\/\/haw-informatik.de\/klausurensammlung\/\",\"name\":\"HAW Informatik Klausuren\",\"description\":\"\",\"potentialAction\":[{\"@type\":\"SearchAction\",\"target\":{\"@type\":\"EntryPoint\",\"urlTemplate\":\"https:\/\/haw-informatik.de\/klausurensammlung\/?s={search_term_string}\"},\"query-input\":{\"@type\":\"PropertyValueSpecification\",\"valueRequired\":true,\"valueName\":\"search_term_string\"}}],\"inLanguage\":\"de\"}]}<\/script>\n<!-- \/ Yoast SEO plugin. -->","yoast_head_json":{"title":"Impressum - HAW Informatik Klausuren","robots":{"index":"index","follow":"nofollow","max-snippet":"max-snippet:-1","max-image-preview":"max-image-preview:large","max-video-preview":"max-video-preview:-1"},"canonical":"https:\/\/haw-informatik.de\/klausurensammlung\/impressum\/","og_locale":"de_DE","og_type":"article","og_title":"Impressum - HAW Informatik Klausuren","og_description":"Angaben gem\u00e4\u00df \u00a75 TMG Eike-Christian Ramcke Zur Vermeidung von Spam werden hier keine weiteren Angaben gem\u00e4\u00df \u00a75 TMG angegeben. Bitte Continue Reading","og_url":"https:\/\/haw-informatik.de\/klausurensammlung\/impressum\/","og_site_name":"HAW Informatik Klausuren","article_publisher":"https:\/\/www.facebook.com\/chris.ramcke","article_modified_time":"2019-03-14T12:31:30+00:00","og_image":[{"width":1200,"height":630,"url":"https:\/\/haw-informatik.de\/klausurensammlung\/wp-content\/uploads\/2016\/03\/work_1200x630.jpg","type":"image\/jpeg"}],"twitter_card":"summary_large_image","twitter_misc":{"Gesch\u00e4tzte Lesezeit":"2\u00a0Minuten"},"schema":{"@context":"https:\/\/schema.org","@graph":[{"@type":"WebPage","@id":"https:\/\/haw-informatik.de\/klausurensammlung\/impressum\/","url":"https:\/\/haw-informatik.de\/klausurensammlung\/impressum\/","name":"Impressum - HAW Informatik Klausuren","isPartOf":{"@id":"https:\/\/haw-informatik.de\/klausurensammlung\/#website"},"datePublished":"2016-03-12T11:22:06+00:00","dateModified":"2019-03-14T12:31:30+00:00","breadcrumb":{"@id":"https:\/\/haw-informatik.de\/klausurensammlung\/impressum\/#breadcrumb"},"inLanguage":"de","potentialAction":[{"@type":"ReadAction","target":["https:\/\/haw-informatik.de\/klausurensammlung\/impressum\/"]}]},{"@type":"BreadcrumbList","@id":"https:\/\/haw-informatik.de\/klausurensammlung\/impressum\/#breadcrumb","itemListElement":[{"@type":"ListItem","position":1,"name":"Home","item":"https:\/\/haw-informatik.de\/klausurensammlung\/"},{"@type":"ListItem","position":2,"name":"Impressum"}]},{"@type":"WebSite","@id":"https:\/\/haw-informatik.de\/klausurensammlung\/#website","url":"https:\/\/haw-informatik.de\/klausurensammlung\/","name":"HAW Informatik Klausuren","description":"","potentialAction":[{"@type":"SearchAction","target":{"@type":"EntryPoint","urlTemplate":"https:\/\/haw-informatik.de\/klausurensammlung\/?s={search_term_string}"},"query-input":{"@type":"PropertyValueSpecification","valueRequired":true,"valueName":"search_term_string"}}],"inLanguage":"de"}]}},"_links":{"self":[{"href":"https:\/\/haw-informatik.de\/klausurensammlung\/wp-json\/wp\/v2\/pages\/131","targetHints":{"allow":["GET"]}}],"collection":[{"href":"https:\/\/haw-informatik.de\/klausurensammlung\/wp-json\/wp\/v2\/pages"}],"about":[{"href":"https:\/\/haw-informatik.de\/klausurensammlung\/wp-json\/wp\/v2\/types\/page"}],"author":[{"embeddable":true,"href":"https:\/\/haw-informatik.de\/klausurensammlung\/wp-json\/wp\/v2\/users\/1"}],"replies":[{"embeddable":true,"href":"https:\/\/haw-informatik.de\/klausurensammlung\/wp-json\/wp\/v2\/comments?post=131"}],"version-history":[{"count":9,"href":"https:\/\/haw-informatik.de\/klausurensammlung\/wp-json\/wp\/v2\/pages\/131\/revisions"}],"predecessor-version":[{"id":725,"href":"https:\/\/haw-informatik.de\/klausurensammlung\/wp-json\/wp\/v2\/pages\/131\/revisions\/725"}],"wp:attachment":[{"href":"https:\/\/haw-informatik.de\/klausurensammlung\/wp-json\/wp\/v2\/media?parent=131"}],"curies":[{"name":"wp","href":"https:\/\/api.w.org\/{rel}","templated":true}]}}